{"id":1849,"date":"2025-06-11T16:33:54","date_gmt":"2025-06-11T16:33:54","guid":{"rendered":"https:\/\/xirivellacamper.com\/?page_id=1849"},"modified":"2025-06-11T16:40:06","modified_gmt":"2025-06-11T16:40:06","slug":"terminos-condiciones","status":"publish","type":"page","link":"https:\/\/xirivellacamper.com\/de\/terminos-condiciones\/","title":{"rendered":"Bedingungen und Konditionen"},"content":{"rendered":"<div data-elementor-type=\"wp-page\" data-elementor-id=\"1849\" class=\"elementor elementor-1849\" data-elementor-post-type=\"page\">\n\t\t\t\t<div class=\"elementor-element elementor-element-c70d04b e-flex e-con-boxed e-con e-parent\" data-id=\"c70d04b\" data-element_type=\"container\">\n\t\t\t\t\t<div class=\"e-con-inner\">\n\t\t\t\t<div class=\"elementor-element elementor-element-c7c2510 elementor-widget elementor-widget-html\" data-id=\"c7c2510\" data-element_type=\"widget\" data-widget_type=\"html.default\">\n\t\t\t\t<div class=\"elementor-widget-container\">\n\t\t\t\t\t<!DOCTYPE html>\r\n<html lang=\"es\">\r\n<head>\r\n    <meta charset=\"UTF-8\">\r\n    <meta name=\"viewport\" content=\"width=device-width, initial-scale=1.0\">\r\n    <title>T\u00e9rminos y Condiciones - Xirivella Camper<\/title>\r\n    <script src=\"https:\/\/cdn.tailwindcss.com\"><\/script>\r\n    <link rel=\"stylesheet\" href=\"https:\/\/cdnjs.cloudflare.com\/ajax\/libs\/font-awesome\/6.4.0\/css\/all.min.css\">\r\n    <link href=\"https:\/\/fonts.googleapis.com\/css2?family=Montserrat:wght@400;500;600;700&family=Playfair+Display:wght@700;800&display=swap\" rel=\"stylesheet\">\r\n    <style>\r\n        body { font-family: 'Montserrat', sans-serif; color: #334155; line-height: 1.7; }\r\n        .legal-container { max-width: 800px; margin: 2rem auto; padding: 2rem; background-color: #fff; border-radius: 8px; box-shadow: 0 4px 15px rgba(0,0,0,0.05); }\r\n        h1, h2 { font-family: 'Playfair Display', serif; color: #103571; margin-top: 1.5em; margin-bottom: 0.5em; }\r\n        h1 { font-size: 2.5rem; }\r\n        h2 { font-size: 1.8rem; }\r\n        p, li { margin-bottom: 1em; }\r\n        a { color: #F4662F; text-decoration: none; }\r\n        a:hover { text-decoration: underline; }\r\n        strong { color: #082a5c; }\r\n    <\/style>\r\n<\/head>\r\n<body>\r\n\r\n    <header class=\"bg-gray-100 shadow-md\">\r\n        <nav class=\"container mx-auto px-4 py-4 flex justify-between items-center\">\r\n            <a href=\"https:\/\/xirivellacamper.com\/de\/home\/\" title=\"Zur\u00fcck zum Anfang\">\r\n                <img decoding=\"async\" src=\"https:\/\/palegreen-bee-957910.hostingersite.com\/wp-content\/uploads\/2025\/06\/LOGO2.png\" alt=\"Xirivella Camper Logo\" style=\"height: 40px; width: auto;\">\r\n            <\/a>\r\n            <a href=\"https:\/\/xirivellacamper.com\/de\/home\/\" class=\"text-lg font-semibold text-gray-700 hover:text-orange-600\">\u2190 Zur\u00fcck zur Hauptseite<\/a>\r\n        <\/nav>\r\n    <\/header>\r\n\r\n    <main class=\"legal-container\">\r\n        <h1>Bedingungen und Konditionen<\/h1>\r\n        <p><strong>Zuletzt aktualisiert:<\/strong> 11. Juni 2025<\/p>\r\n\r\n        <p>Diese Allgemeinen Gesch\u00e4ftsbedingungen regeln das Vertragsverh\u00e4ltnis zwischen <strong>Xirivella Wohnmobil<\/strong> (im Folgenden \"der Campingplatz\") und dem Kunden (im Folgenden \"der Nutzer\") f\u00fcr die Bereitstellung von \u00dcbernachtungen und die Nutzung von Einrichtungen.<\/p>\r\n\r\n        <h2>1. reservierungen und zahlungen<\/h2>\r\n        <ul>\r\n            <li>Buchungen k\u00f6nnen \u00fcber unsere Website, per Telefon oder direkt an der Rezeption vorgenommen werden. Die Reservierung ist erst dann g\u00fcltig, wenn wir eine Best\u00e4tigung vom Campingplatz erhalten haben.<\/li>\r\n            <li>Die Zahlung f\u00fcr den Aufenthalt ist bei der Ankunft (Check-in) f\u00e4llig, es sei denn, f\u00fcr bestimmte Termine oder Aktionen ist eine Vorauszahlungsregelung vorgesehen.<\/li>\r\n            <li>Die Preise sind in unserem Abschnitt \"Preise\" angegeben und verstehen sich in Euro (\u20ac), einschlie\u00dflich Mehrwertsteuer.<\/li>\r\n            <li>Der Standardtarif beinhaltet die \u00dcbernachtung f\u00fcr ein Wohnmobil\/Wohnwagen und zwei Erwachsene sowie den Zugang zu den auf der Website beschriebenen Basisleistungen. F\u00fcr zus\u00e4tzliche Leistungen oder zus\u00e4tzliche Personen fallen zus\u00e4tzliche Kosten an.<\/li>\r\n        <\/ul>\r\n\r\n        <h2>2. Annullierungspolitik<\/h2>\r\n        <ul>\r\n            <li>Um eine Reservierung zu stornieren, muss der Nutzer den Campingplatz so weit wie m\u00f6glich im Voraus informieren.<\/li>\r\n            <li><strong>Kostenlose Stornierungen:<\/strong> Buchungen, die mehr als 7 Tage vor dem Anreisedatum mitgeteilt werden, k\u00f6nnen kostenlos storniert werden.<\/li>\r\n            <li><strong>Kostenpflichtige Stornierungen:<\/strong> Bei Stornierungen, die 7 Tage oder weniger vor dem Anreisedatum erfolgen, kann eine Geb\u00fchr in H\u00f6he des Preises der ersten \u00dcbernachtung anfallen.<\/li>\r\n            <li>Bei Nichterscheinen am Anreisetag ohne vorherige Benachrichtigung wird die Reservierung automatisch storniert und die erste Nacht in Rechnung gestellt.<\/li>\r\n        <\/ul>\r\n\r\n        <h2>3. die Regeln f\u00fcr den Aufenthalt<\/h2>\r\n        <ul>\r\n            <li><strong>Zeitpl\u00e4ne:<\/strong> Check-in-Zeit ist ab 12:00 Uhr und Check-out-Zeit ist vor 12:00 Uhr.<\/li>\r\n            <li><strong>Respekt und Koexistenz:<\/strong> Auf die anderen Nutzer und die Einrichtungen ist gr\u00f6\u00dftm\u00f6gliche R\u00fccksicht zu nehmen. Die Ruhezeiten sind von 23:00 Uhr bis 08:00 Uhr.<\/li>\r\n            <li><strong>Geschwindigkeit:<\/strong> Die H\u00f6chstgeschwindigkeit f\u00fcr den Verkehr innerhalb der Umz\u00e4unung betr\u00e4gt 10 km\/h.<\/li>\r\n            <li><strong>Abfall:<\/strong> Alle Abf\u00e4lle m\u00fcssen in den daf\u00fcr vorgesehenen Beh\u00e4ltern entsorgt werden. Die Entleerung von Grau- und Schwarzwasser hat ausschlie\u00dflich in den daf\u00fcr vorgesehenen Bereichen zu erfolgen.<\/li>\r\n            <li><strong>Haustiere:<\/strong> Haustiere sind erlaubt, solange sie von ihren Besitzern beaufsichtigt werden, kein \u00c4rgernis erregen und ihr Kot aufgesammelt wird. Sie d\u00fcrfen in den Gemeinschaftsbereichen nicht unangeleint gelassen werden.<\/li>\r\n        <\/ul>\r\n        \r\n        <h2>4. Verantwortung<\/h2>\r\n        <ul>\r\n            <li>Der Campingplatz haftet nicht f\u00fcr Diebstahl, Raub oder Sch\u00e4den an Fahrzeugen oder pers\u00f6nlichen Gegenst\u00e4nden der Benutzer w\u00e4hrend ihres Aufenthalts.<\/li>\r\n            <li>Der Nutzer haftet f\u00fcr alle Sch\u00e4den, die den Einrichtungen, dem Personal oder anderen Nutzern des Campingplatzes zugef\u00fcgt werden k\u00f6nnen.<\/li>\r\n            <li>Der Campingplatz beh\u00e4lt sich das Recht auf Einlass vor und kann jeden Benutzer, der ernsthaft gegen diese Regeln verst\u00f6\u00dft, ohne Anspruch auf R\u00fcckerstattung ausschlie\u00dfen.<\/li>\r\n        <\/ul>\r\n\r\n        <h2>5. Anwendbare Gesetzgebung<\/h2>\r\n        <p>Die vorliegenden Bedingungen unterliegen dem spanischen Recht. F\u00fcr etwaige Streitigkeiten unterwerfen sich beide Parteien der Gerichtsbarkeit der Gerichte von Valencia und verzichten ausdr\u00fccklich auf jede andere Zust\u00e4ndigkeit.<\/p>\r\n\r\n    <\/main>\r\n\r\n    <\/body>\r\n<\/html>\t\t\t\t<\/div>\n\t\t\t\t<\/div>\n\t\t\t\t\t<\/div>\n\t\t\t\t<\/div>\n\t\t\t\t<\/div>","protected":false},"excerpt":{"rendered":"<p>T\u00e9rminos y Condiciones &#8211; Xirivella Camper \u2190 Volver a la p\u00e1gina principal T\u00e9rminos y Condiciones del Servicio \u00daltima actualizaci\u00f3n: 11 [&hellip;]<\/p>","protected":false},"author":2,"featured_media":0,"parent":0,"menu_order":0,"comment_status":"closed","ping_status":"closed","template":"","meta":{"om_disable_all_campaigns":false,"_monsterinsights_skip_tracking":false,"_monsterinsights_sitenote_active":false,"_monsterinsights_sitenote_note":"","_monsterinsights_sitenote_category":0,"site-sidebar-layout":"no-sidebar","site-content-layout":"","ast-site-content-layout":"full-width-container","site-content-style":"default","site-sidebar-style":"default","ast-global-header-display":"","ast-banner-title-visibility":"","ast-main-header-display":"","ast-hfb-above-header-display":"","ast-hfb-below-header-display":"","ast-hfb-mobile-header-display":"","site-post-title":"disabled","ast-breadcrumbs-content":"","ast-featured-img":"disabled","footer-sml-layout":"","theme-transparent-header-meta":"","adv-header-id-meta":"","stick-header-meta":"","header-above-stick-meta":"","header-main-stick-meta":"","header-below-stick-meta":"","astra-migrate-meta-layouts":"default","ast-page-background-enabled":"default","ast-page-background-meta":{"desktop":{"background-color":"var(--ast-global-color-4)","background-image":"","background-repeat":"repeat","background-position":"center center","background-size":"auto","background-attachment":"scroll","background-type":"","background-media":"","overlay-type":"","overlay-color":"","overlay-opacity":"","overlay-gradient":""},"tablet":{"background-color":"","background-image":"","background-repeat":"repeat","background-position":"center center","background-size":"auto","background-attachment":"scroll","background-type":"","background-media":"","overlay-type":"","overlay-color":"","overlay-opacity":"","overlay-gradient":""},"mobile":{"background-color":"","background-image":"","background-repeat":"repeat","background-position":"center center","background-size":"auto","background-attachment":"scroll","background-type":"","background-media":"","overlay-type":"","overlay-color":"","overlay-opacity":"","overlay-gradient":""}},"ast-content-background-meta":{"desktop":{"background-color":"var(--ast-global-color-5)","background-image":"","background-repeat":"repeat","background-position":"center center","background-size":"auto","background-attachment":"scroll","background-type":"","background-media":"","overlay-type":"","overlay-color":"","overlay-opacity":"","overlay-gradient":""},"tablet":{"background-color":"var(--ast-global-color-5)","background-image":"","background-repeat":"repeat","background-position":"center center","background-size":"auto","background-attachment":"scroll","background-type":"","background-media":"","overlay-type":"","overlay-color":"","overlay-opacity":"","overlay-gradient":""},"mobile":{"background-color":"var(--ast-global-color-5)","background-image":"","background-repeat":"repeat","background-position":"center center","background-size":"auto","background-attachment":"scroll","background-type":"","background-media":"","overlay-type":"","overlay-color":"","overlay-opacity":"","overlay-gradient":""}},"footnotes":""},"class_list":["post-1849","page","type-page","status-publish","hentry"],"aioseo_notices":[],"_links":{"self":[{"href":"https:\/\/xirivellacamper.com\/de\/wp-json\/wp\/v2\/pages\/1849","targetHints":{"allow":["GET"]}}],"collection":[{"href":"https:\/\/xirivellacamper.com\/de\/wp-json\/wp\/v2\/pages"}],"about":[{"href":"https:\/\/xirivellacamper.com\/de\/wp-json\/wp\/v2\/types\/page"}],"author":[{"embeddable":true,"href":"https:\/\/xirivellacamper.com\/de\/wp-json\/wp\/v2\/users\/2"}],"replies":[{"embeddable":true,"href":"https:\/\/xirivellacamper.com\/de\/wp-json\/wp\/v2\/comments?post=1849"}],"version-history":[{"count":4,"href":"https:\/\/xirivellacamper.com\/de\/wp-json\/wp\/v2\/pages\/1849\/revisions"}],"predecessor-version":[{"id":1859,"href":"https:\/\/xirivellacamper.com\/de\/wp-json\/wp\/v2\/pages\/1849\/revisions\/1859"}],"wp:attachment":[{"href":"https:\/\/xirivellacamper.com\/de\/wp-json\/wp\/v2\/media?parent=1849"}],"curies":[{"name":"wp","href":"https:\/\/api.w.org\/{rel}","templated":true}]}}