{"id":1867,"date":"2025-06-11T16:58:00","date_gmt":"2025-06-11T16:58:00","guid":{"rendered":"https:\/\/xirivellacamper.com\/descargo-de-responsabilidad\/"},"modified":"2025-06-11T16:58:00","modified_gmt":"2025-06-11T16:58:00","slug":"descargo-de-responsabilidad","status":"publish","type":"page","link":"https:\/\/xirivellacamper.com\/de\/descargo-de-responsabilidad\/","title":{"rendered":"Haftungsausschluss"},"content":{"rendered":"<!-- Legal document generated by Complianz | GDPR\/CCPA Cookie Consent https:\/\/wordpress.org\/plugins\/complianz-gdpr -->\n<div id=\"cmplz-document\" class=\"cmplz-document disclaimer cmplz-document-all\"><p>Xirivella Camper ist nun verpflichtet, diese Website aktuell und auf dem neuesten Stand zu halten. Solltest du dennoch auf irgendetwas sto\u00dfen, das veraltet oder inkorrekt ist, w\u00fcrden wir es sch\u00e4tzen, wenn du es uns wissen l\u00e4sst. Bitte gehen Sie weise darauf hin, wo Sie auf der Seite die Information gelesen haben. Wir werden uns dann so schnell wie m\u00f6glich darum k\u00fcmmern. Bitte sende deine R\u00fcckmeldung an: <span class=\"cmplz-obfuscate\">&#105;n&#102;&#111;@<span class=\"cmplz-fmail-domain\">&#101;&#120;.&#099;o&#109;<\/span>xi&#114;&#105;&#118;&#101;&#108;&#108;&#097;&#099;&#097;&#109;per&#046;com<\/span>.<\/p><p>Wir \u00fcbernehmen keine Haftung f\u00fcr aus Ungenauigkeit oder Unvollst\u00e4ndigkeit resultierenden Verlustenden Verlust, noch f\u00fcr entstehenden Verlustenden Verlust oder Verbreitung von Informationen durch das Internet, wie St\u00f6rungen oder Unterbrechungen. Bei der Verwendung von Internetfomularen streben wir danach die Anzahl der ben\u00f6tigten Felder zu minimieren. Xirivella Camper \u00fcbernimmt keine Haftung f\u00fcr Sch\u00e4den, die durch die Nutzung von Xirivella Camper f\u00fcr jegliche Art von Daten, Informationen oder Ideen, die aus der Nutzung von Xirivella Camper entstehen k\u00f6nnen.<\/p><p>Alle Rechte an geistigem Eigentum auf dieser Website sind Eigentum von Xirivella Camper.<\/p><p>Die Vervielf\u00e4ltigung, Verbreitung oder sonstige Nutzung dieser Materialien ist ohne die schriftliche Zustimmung von Xirivella Camper nicht gestattet, soweit sich nicht aus dem geltenden Recht etwas anderes ergibt (z.B. aus gesetzlichen Bestimmungen).<\/p><p>Wenn Sie Fragen oder Probleme mit der Zuverl\u00e4ssigkeit der Website haben, wenden Sie sich bitte nicht an uns.<\/p><\/div>","protected":false},"excerpt":{"rendered":"","protected":false},"author":2,"featured_media":0,"parent":0,"menu_order":0,"comment_status":"closed","ping_status":"closed","template":"","meta":{"om_disable_all_campaigns":false,"_monsterinsights_skip_tracking":false,"_monsterinsights_sitenote_active":false,"_monsterinsights_sitenote_note":"","_monsterinsights_sitenote_category":0,"site-sidebar-layout":"default","site-content-layout":"","ast-site-content-layout":"","site-content-style":"default","site-sidebar-style":"default","ast-global-header-display":"","ast-banner-title-visibility":"","ast-main-header-display":"","ast-hfb-above-header-display":"","ast-hfb-below-header-display":"","ast-hfb-mobile-header-display":"","site-post-title":"","ast-breadcrumbs-content":"","ast-featured-img":"","footer-sml-layout":"","theme-transparent-header-meta":"","adv-header-id-meta":"","stick-header-meta":"","header-above-stick-meta":"","header-main-stick-meta":"","header-below-stick-meta":"","astra-migrate-meta-layouts":"default","ast-page-background-enabled":"default","ast-page-background-meta":{"desktop":{"background-color":"var(--ast-global-color-4)","background-image":"","background-repeat":"repeat","background-position":"center center","background-size":"auto","background-attachment":"scroll","background-type":"","background-media":"","overlay-type":"","overlay-color":"","overlay-opacity":"","overlay-gradient":""},"tablet":{"background-color":"","background-image":"","background-repeat":"repeat","background-position":"center center","background-size":"auto","background-attachment":"scroll","background-type":"","background-media":"","overlay-type":"","overlay-color":"","overlay-opacity":"","overlay-gradient":""},"mobile":{"background-color":"","background-image":"","background-repeat":"repeat","background-position":"center center","background-size":"auto","background-attachment":"scroll","background-type":"","background-media":"","overlay-type":"","overlay-color":"","overlay-opacity":"","overlay-gradient":""}},"ast-content-background-meta":{"desktop":{"background-color":"var(--ast-global-color-5)","background-image":"","background-repeat":"repeat","background-position":"center center","background-size":"auto","background-attachment":"scroll","background-type":"","background-media":"","overlay-type":"","overlay-color":"","overlay-opacity":"","overlay-gradient":""},"tablet":{"background-color":"var(--ast-global-color-5)","background-image":"","background-repeat":"repeat","background-position":"center center","background-size":"auto","background-attachment":"scroll","background-type":"","background-media":"","overlay-type":"","overlay-color":"","overlay-opacity":"","overlay-gradient":""},"mobile":{"background-color":"var(--ast-global-color-5)","background-image":"","background-repeat":"repeat","background-position":"center center","background-size":"auto","background-attachment":"scroll","background-type":"","background-media":"","overlay-type":"","overlay-color":"","overlay-opacity":"","overlay-gradient":""}},"footnotes":""},"class_list":["post-1867","page","type-page","status-publish","hentry"],"aioseo_notices":[],"_links":{"self":[{"href":"https:\/\/xirivellacamper.com\/de\/wp-json\/wp\/v2\/pages\/1867","targetHints":{"allow":["GET"]}}],"collection":[{"href":"https:\/\/xirivellacamper.com\/de\/wp-json\/wp\/v2\/pages"}],"about":[{"href":"https:\/\/xirivellacamper.com\/de\/wp-json\/wp\/v2\/types\/page"}],"author":[{"embeddable":true,"href":"https:\/\/xirivellacamper.com\/de\/wp-json\/wp\/v2\/users\/2"}],"replies":[{"embeddable":true,"href":"https:\/\/xirivellacamper.com\/de\/wp-json\/wp\/v2\/comments?post=1867"}],"version-history":[{"count":0,"href":"https:\/\/xirivellacamper.com\/de\/wp-json\/wp\/v2\/pages\/1867\/revisions"}],"wp:attachment":[{"href":"https:\/\/xirivellacamper.com\/de\/wp-json\/wp\/v2\/media?parent=1867"}],"curies":[{"name":"wp","href":"https:\/\/api.w.org\/{rel}","templated":true}]}}