{"id":3,"date":"2025-05-19T16:19:23","date_gmt":"2025-05-19T16:19:23","guid":{"rendered":"https:\/\/mediumspringgreen-wildcat-998947.hostingersite.com\/?page_id=3"},"modified":"2025-06-20T09:20:03","modified_gmt":"2025-06-20T09:20:03","slug":"politica-privacidad","status":"publish","type":"page","link":"https:\/\/xirivellacamper.com\/de\/politica-privacidad\/","title":{"rendered":"Datenschutzbestimmungen"},"content":{"rendered":"<div data-elementor-type=\"wp-page\" data-elementor-id=\"3\" class=\"elementor elementor-3\" data-elementor-post-type=\"page\">\n\t\t\t\t<div class=\"elementor-element elementor-element-27737fde e-flex e-con-boxed e-con e-parent\" data-id=\"27737fde\" data-element_type=\"container\">\n\t\t\t\t\t<div class=\"e-con-inner\">\n\t\t\t\t<div class=\"elementor-element elementor-element-267c86b9 elementor-widget elementor-widget-text-editor\" data-id=\"267c86b9\" data-element_type=\"widget\" data-widget_type=\"text-editor.default\">\n\t\t\t\t<div class=\"elementor-widget-container\">\n\t\t\t\t\t\t\t\t\t<script src=\"https:\/\/cdn.tailwindcss.com\"><\/script>\n\n<style>\n  body {\n    font-family: 'Montserrat', sans-serif;\n    color: #334155;\n    line-height: 1.7;\n  }\n  .legal-container {\n    max-width: 800px;\n    margin: 2rem auto;\n    padding: 2rem;\n    background-color: #fff;\n    border-radius: 8px;\n    box-shadow: 0 4px 15px rgba(0, 0, 0, 0.05);\n  }\n  h1, h2 {\n    font-family: 'Playfair Display', serif;\n    color: #103571;\n    margin-top: 1.5em;\n    margin-bottom: 0.5em;\n  }\n  h1 {\n    font-size: 2.5rem;\n  }\n  h2 {\n    font-size: 1.8rem;\n  }\n  p, li {\n    margin-bottom: 1em;\n  }\n  a {\n    color: #F4662F;\n    text-decoration: none;\n  }\n  a:hover {\n    text-decoration: underline;\n  }\n  strong {\n    color: #082a5c;\n  }\n<\/style>\n\n<header class=\"bg-gray-100 shadow-md\">\n  <nav class=\"container mx-auto px-4 py-4 flex justify-between items-center\">\n    <a title=\"Zur\u00fcck zum Anfang\" href=\"https:\/\/xirivellacamper.com\/de\/home\/\">\n      <img decoding=\"async\" style=\"height: 40px; width: auto;\" src=\"https:\/\/palegreen-bee-957910.hostingersite.com\/wp-content\/uploads\/2025\/06\/LOGO2.png\" alt=\"Xirivella Camper Logo\" \/>\n    <\/a>\n    <a class=\"text-lg font-semibold text-gray-700 hover:text-orange-600\" href=\"https:\/\/xirivellacamper.com\/de\/home\/\">\u2190 Zur\u00fcck zur Hauptseite<\/a>\n  <\/nav>\n<\/header>\n\n<div class=\"legal-container\">\n\n  <h1>Datenschutzbestimmungen<\/h1>\n  <strong>Zuletzt aktualisiert:<\/strong> 11. Juni 2025\n\n  <h2>1. der f\u00fcr die Datenverarbeitung Verantwortliche<\/h2>\n  <p>Der f\u00fcr die Verarbeitung der \u00fcber diese Website erhobenen personenbezogenen Daten Verantwortliche ist:<\/p>\n  <ul>\n    <li><strong>\u00dcberschrift:<\/strong> Rey G\u00f3mez CB<\/li>\n    <li><strong>Handelsname:<\/strong> Xirivella Wohnmobil<\/li>\n    <li><strong>Adresse:<\/strong> Carrer Riu X\u00faquer, 32, 46950 Xirivella (Valencia), Spanien<\/li>\n    <li><strong>E-Mail:<\/strong> <a href=\"mailto:xirivellacamperpark@gmail.com\">xirivellacamperpark@gmail.com<\/a><\/li>\n    <li><strong>Telefon:<\/strong> +34 647 33 96 35<\/li>\n  <\/ul>\n\n  <h2>2) Zweck der Datenverarbeitung<\/h2>\n  <p>Bei Xirivella Camper verarbeiten wir die von den Nutzern zur Verf\u00fcgung gestellten Informationen, um:<\/p>\n  <ul>\n    <li><strong>Verwalten Sie Buchungen:<\/strong> Bearbeitung Ihrer Buchungsanfrage, Best\u00e4tigung der Verf\u00fcgbarkeit und Verwaltung der Zahlung und Rechnungsstellung f\u00fcr die vertraglich vereinbarten Dienstleistungen.<\/li>\n    <li><strong>Bearbeitung von Anfragen und Antr\u00e4gen:<\/strong> Beantwortung von Anfragen oder Bitten, die per E-Mail, Formular oder Telefon eingehen.<\/li>\n    <li><strong>Einhaltung der gesetzlichen Verpflichtungen:<\/strong> Bewahren Sie die Daten f\u00fcr die gesetzlich festgelegten Zeitr\u00e4ume auf.<\/li>\n  <\/ul>\n\n  <h2>3. Gesammelte Daten<\/h2>\n  <ul>\n    <li><strong>Identifizierungsdaten:<\/strong> Vorname, Nachname, Personalausweis-\/Reisepassnummer.<\/li>\n    <li><strong>Kontaktinformationen:<\/strong> E-Mail Adresse, Telefonnummer.<\/li>\n    <li><strong>Details zur Reservierung:<\/strong> Datum des Aufenthalts, Fahrzeugtyp (Wohnmobil, Camper), Kennzeichen.<\/li>\n    <li><strong>Transaktionsdaten:<\/strong> Zahlungsbezogene Informationen (wir speichern keine Kreditkartendaten, die \u00fcber sichere Zahlungsgateways verarbeitet werden).<\/li>\n  <\/ul>\n\n  <h2>4. Aufbewahrungsfrist der Daten<\/h2>\n  <p>Wir bewahren die Daten f\u00fcr die Dauer des Vertragsverh\u00e4ltnisses auf und sperren die Daten f\u00fcr die gesetzlichen Verj\u00e4hrungsfristen nach Beendigung des Vertragsverh\u00e4ltnisses.<\/p>\n\n  <h2>5. Empf\u00e4nger der Daten<\/h2>\n  <ul>\n    <li>aufgrund gesetzlicher Verpflichtungen (z. B. gegen\u00fcber den Steuerbeh\u00f6rden oder Strafverfolgungsbeh\u00f6rden).<\/li>\n    <li>An Lieferanten, die uns bei der Verwaltung von Reservierungen oder Zahlungen unterst\u00fctzen, im Rahmen eines Vertraulichkeitsvertrags.<\/li>\n  <\/ul>\n\n  <h2>6. Benutzerrechte<\/h2>\n  <p>Sie k\u00f6nnen Ihr Recht auf Auskunft, Berichtigung, L\u00f6schung, Einschr\u00e4nkung, Widerspruch und \u00dcbertragbarkeit jederzeit aus\u00fcben, indem Sie sich schriftlich an uns wenden <strong>xirivellacamperpark@gmail.com<\/strong> und f\u00fcgen Sie eine Kopie Ihres Personalausweises bei.<\/p>\n  <p>Sie k\u00f6nnen auch eine Beschwerde bei der spanischen Datenschutzbeh\u00f6rde (AEPD) einreichen.<\/p>\n\n  <h2>7. Sicherheitsma\u00dfnahmen<\/h2>\n  <p>Wir haben die erforderlichen technischen und organisatorischen Ma\u00dfnahmen ergriffen, um die Sicherheit Ihrer personenbezogenen Daten zu gew\u00e4hrleisten und deren \u00c4nderung, Verlust, unbefugte Verarbeitung oder Zugriff zu verhindern.<\/p>\n\n  <hr>\n\n  <h2>8. Rechtliche Informationen des Eigent\u00fcmers der Website<\/h2>\n  <p>In \u00dcbereinstimmung mit Artikel 10 des Gesetzes 34\/2002 vom 11. Juli informieren wir Sie, dass diese Website Eigentum der Firma ist:<\/p>\n  <ul>\n    <li><strong>Name oder Firmenname:<\/strong> Rey G\u00f3mez CB<\/li>\n    <li><strong>VAT NUMBER:<\/strong> E-97747737<\/li>\n    <li><strong>Steuerliches Domizil:<\/strong> Calle Riu Xuquer, 37, 46960 - Aldaia, Valencia (Spanien)<\/li>\n    <li><strong>E-Mail-Kontakt:<\/strong> <a href=\"mailto:xirivellacamperpark@gmail.com\">xirivellacamperpark@gmail.com<\/a><\/li>\n    <li><strong>Telefon:<\/strong> +34 647 33 96 35<\/li>\n  <\/ul>\n  <p>Der Zweck dieser Website ist die Bereitstellung von Informationen und die Erleichterung der Buchung von Pl\u00e4tzen im Xirivella Camper Park.<\/p>\n\n<\/div>\n\t\t\t\t\t\t\t\t<\/div>\n\t\t\t\t<\/div>\n\t\t\t\t\t<\/div>\n\t\t\t\t<\/div>\n\t\t\t\t<\/div>","protected":false},"excerpt":{"rendered":"<p>\u2190 Volver a la p\u00e1gina principal Pol\u00edtica de Privacidad \u00daltima actualizaci\u00f3n: 11 de junio de 2025 1. Responsable del Tratamiento [&hellip;]<\/p>","protected":false},"author":1,"featured_media":0,"parent":0,"menu_order":0,"comment_status":"closed","ping_status":"closed","template":"","meta":{"om_disable_all_campaigns":false,"_monsterinsights_skip_tracking":false,"_monsterinsights_sitenote_active":false,"_monsterinsights_sitenote_note":"","_monsterinsights_sitenote_category":0,"site-sidebar-layout":"default","site-content-layout":"","ast-site-content-layout":"","site-content-style":"default","site-sidebar-style":"default","ast-global-header-display":"","ast-banner-title-visibility":"","ast-main-header-display":"","ast-hfb-above-header-display":"","ast-hfb-below-header-display":"","ast-hfb-mobile-header-display":"","site-post-title":"","ast-breadcrumbs-content":"","ast-featured-img":"","footer-sml-layout":"","theme-transparent-header-meta":"","adv-header-id-meta":"","stick-header-meta":"","header-above-stick-meta":"","header-main-stick-meta":"","header-below-stick-meta":"","astra-migrate-meta-layouts":"default","ast-page-background-enabled":"default","ast-page-background-meta":{"desktop":{"background-color":"var(--ast-global-color-4)","background-image":"","background-repeat":"repeat","background-position":"center center","background-size":"auto","background-attachment":"scroll","background-type":"","background-media":"","overlay-type":"","overlay-color":"","overlay-opacity":"","overlay-gradient":""},"tablet":{"background-color":"","background-image":"","background-repeat":"repeat","background-position":"center center","background-size":"auto","background-attachment":"scroll","background-type":"","background-media":"","overlay-type":"","overlay-color":"","overlay-opacity":"","overlay-gradient":""},"mobile":{"background-color":"","background-image":"","background-repeat":"repeat","background-position":"center center","background-size":"auto","background-attachment":"scroll","background-type":"","background-media":"","overlay-type":"","overlay-color":"","overlay-opacity":"","overlay-gradient":""}},"ast-content-background-meta":{"desktop":{"background-color":"var(--ast-global-color-5)","background-image":"","background-repeat":"repeat","background-position":"center center","background-size":"auto","background-attachment":"scroll","background-type":"","background-media":"","overlay-type":"","overlay-color":"","overlay-opacity":"","overlay-gradient":""},"tablet":{"background-color":"var(--ast-global-color-5)","background-image":"","background-repeat":"repeat","background-position":"center center","background-size":"auto","background-attachment":"scroll","background-type":"","background-media":"","overlay-type":"","overlay-color":"","overlay-opacity":"","overlay-gradient":""},"mobile":{"background-color":"var(--ast-global-color-5)","background-image":"","background-repeat":"repeat","background-position":"center center","background-size":"auto","background-attachment":"scroll","background-type":"","background-media":"","overlay-type":"","overlay-color":"","overlay-opacity":"","overlay-gradient":""}},"footnotes":""},"class_list":["post-3","page","type-page","status-publish","hentry"],"aioseo_notices":[],"_links":{"self":[{"href":"https:\/\/xirivellacamper.com\/de\/wp-json\/wp\/v2\/pages\/3","targetHints":{"allow":["GET"]}}],"collection":[{"href":"https:\/\/xirivellacamper.com\/de\/wp-json\/wp\/v2\/pages"}],"about":[{"href":"https:\/\/xirivellacamper.com\/de\/wp-json\/wp\/v2\/types\/page"}],"author":[{"embeddable":true,"href":"https:\/\/xirivellacamper.com\/de\/wp-json\/wp\/v2\/users\/1"}],"replies":[{"embeddable":true,"href":"https:\/\/xirivellacamper.com\/de\/wp-json\/wp\/v2\/comments?post=3"}],"version-history":[{"count":10,"href":"https:\/\/xirivellacamper.com\/de\/wp-json\/wp\/v2\/pages\/3\/revisions"}],"predecessor-version":[{"id":1899,"href":"https:\/\/xirivellacamper.com\/de\/wp-json\/wp\/v2\/pages\/3\/revisions\/1899"}],"wp:attachment":[{"href":"https:\/\/xirivellacamper.com\/de\/wp-json\/wp\/v2\/media?parent=3"}],"curies":[{"name":"wp","href":"https:\/\/api.w.org\/{rel}","templated":true}]}}