{"id":1849,"date":"2025-06-11T16:33:54","date_gmt":"2025-06-11T16:33:54","guid":{"rendered":"https:\/\/xirivellacamper.com\/?page_id=1849"},"modified":"2025-06-11T16:40:06","modified_gmt":"2025-06-11T16:40:06","slug":"terminos-condiciones","status":"publish","type":"page","link":"https:\/\/xirivellacamper.com\/fr\/terminos-condiciones\/","title":{"rendered":"Conditions g\u00e9n\u00e9rales d'utilisation"},"content":{"rendered":"<div data-elementor-type=\"wp-page\" data-elementor-id=\"1849\" class=\"elementor elementor-1849\" data-elementor-post-type=\"page\">\n\t\t\t\t<div class=\"elementor-element elementor-element-c70d04b e-flex e-con-boxed e-con e-parent\" data-id=\"c70d04b\" data-element_type=\"container\">\n\t\t\t\t\t<div class=\"e-con-inner\">\n\t\t\t\t<div class=\"elementor-element elementor-element-c7c2510 elementor-widget elementor-widget-html\" data-id=\"c7c2510\" data-element_type=\"widget\" data-widget_type=\"html.default\">\n\t\t\t\t<div class=\"elementor-widget-container\">\n\t\t\t\t\t<!DOCTYPE html>\r\n<html lang=\"es\">\r\n<head>\r\n    <meta charset=\"UTF-8\">\r\n    <meta name=\"viewport\" content=\"width=device-width, initial-scale=1.0\">\r\n    <title>T\u00e9rminos y Condiciones - Xirivella Camper<\/title>\r\n    <script src=\"https:\/\/cdn.tailwindcss.com\"><\/script>\r\n    <link rel=\"stylesheet\" href=\"https:\/\/cdnjs.cloudflare.com\/ajax\/libs\/font-awesome\/6.4.0\/css\/all.min.css\">\r\n    <link href=\"https:\/\/fonts.googleapis.com\/css2?family=Montserrat:wght@400;500;600;700&family=Playfair+Display:wght@700;800&display=swap\" rel=\"stylesheet\">\r\n    <style>\r\n        body { font-family: 'Montserrat', sans-serif; color: #334155; line-height: 1.7; }\r\n        .legal-container { max-width: 800px; margin: 2rem auto; padding: 2rem; background-color: #fff; border-radius: 8px; box-shadow: 0 4px 15px rgba(0,0,0,0.05); }\r\n        h1, h2 { font-family: 'Playfair Display', serif; color: #103571; margin-top: 1.5em; margin-bottom: 0.5em; }\r\n        h1 { font-size: 2.5rem; }\r\n        h2 { font-size: 1.8rem; }\r\n        p, li { margin-bottom: 1em; }\r\n        a { color: #F4662F; text-decoration: none; }\r\n        a:hover { text-decoration: underline; }\r\n        strong { color: #082a5c; }\r\n    <\/style>\r\n<\/head>\r\n<body>\r\n\r\n    <header class=\"bg-gray-100 shadow-md\">\r\n        <nav class=\"container mx-auto px-4 py-4 flex justify-between items-center\">\r\n            <a href=\"https:\/\/xirivellacamper.com\/fr\/home\/\" title=\"Retour au d\u00e9but de la page\">\r\n                <img decoding=\"async\" src=\"https:\/\/palegreen-bee-957910.hostingersite.com\/wp-content\/uploads\/2025\/06\/LOGO2.png\" alt=\"Xirivella Camper Logo\" style=\"height: 40px; width: auto;\">\r\n            <\/a>\r\n            <a href=\"https:\/\/xirivellacamper.com\/fr\/home\/\" class=\"text-lg font-semibold text-gray-700 hover:text-orange-600\">\u2190 Retour \u00e0 la page principale<\/a>\r\n        <\/nav>\r\n    <\/header>\r\n\r\n    <main class=\"legal-container\">\r\n        <h1>Conditions g\u00e9n\u00e9rales d'utilisation<\/h1>\r\n        <p><strong>Derni\u00e8re mise \u00e0 jour :<\/strong> 11 juin 2025<\/p>\r\n\r\n        <p>Les pr\u00e9sentes conditions g\u00e9n\u00e9rales r\u00e9gissent les relations contractuelles entre <strong>Xirivella Camper<\/strong> (ci-apr\u00e8s \"le Camping\") et le client (ci-apr\u00e8s \"l'Utilisateur\") pour la fourniture d'une nuit\u00e9e et l'utilisation des installations.<\/p>\r\n\r\n        <h2>1) R\u00e9servations et paiements<\/h2>\r\n        <ul>\r\n            <li>Les r\u00e9servations peuvent \u00eatre effectu\u00e9es sur notre site web, par t\u00e9l\u00e9phone ou directement \u00e0 la r\u00e9ception. La r\u00e9servation ne sera effective qu'apr\u00e8s r\u00e9ception de la confirmation du camping.<\/li>\r\n            <li>Le paiement du s\u00e9jour est d\u00fb \u00e0 l'arriv\u00e9e (check-in), sauf si une politique de pr\u00e9paiement est sp\u00e9cifi\u00e9e pour certaines dates ou promotions.<\/li>\r\n            <li>Les prix sont ceux indiqu\u00e9s dans notre rubrique \"Prix\" et sont exprim\u00e9s en euros (\u20ac), TVA comprise.<\/li>\r\n            <li>Le tarif standard comprend la nuit\u00e9e pour un camping-car et deux adultes, ainsi que l'acc\u00e8s aux services de base d\u00e9taill\u00e9s sur le site web. Les services suppl\u00e9mentaires ou les personnes suppl\u00e9mentaires sont factur\u00e9s en sus.<\/li>\r\n        <\/ul>\r\n\r\n        <h2>2. Politique d'annulation<\/h2>\r\n        <ul>\r\n            <li>Pour annuler une r\u00e9servation, l'Utilisateur doit en informer le Camping le plus t\u00f4t possible.<\/li>\r\n            <li><strong>Annulations gratuites :<\/strong> Les r\u00e9servations notifi\u00e9es plus de 7 jours avant la date d'arriv\u00e9e peuvent \u00eatre annul\u00e9es sans frais.<\/li>\r\n            <li><strong>Annulations avec frais :<\/strong> Les annulations effectu\u00e9es 7 jours ou moins avant la date d'arriv\u00e9e peuvent \u00eatre soumises \u00e0 des frais \u00e9quivalents \u00e0 la premi\u00e8re nuit du s\u00e9jour.<\/li>\r\n            <li>Le fait de ne pas se pr\u00e9senter le jour de l'arriv\u00e9e sans pr\u00e9avis entra\u00eene l'annulation automatique de la r\u00e9servation et la facturation de la premi\u00e8re nuit.<\/li>\r\n        <\/ul>\r\n\r\n        <h2>3. les r\u00e8gles du s\u00e9jour<\/h2>\r\n        <ul>\r\n            <li><strong>Horaires :<\/strong> L'heure d'arriv\u00e9e est \u00e0 partir de 12h00 et l'heure de d\u00e9part est avant 12h00.<\/li>\r\n            <li><strong>Respect et coexistence :<\/strong> Le plus grand respect des autres utilisateurs et des installations est exig\u00e9. Les heures de tranquillit\u00e9 sont de 23h00 \u00e0 08h00.<\/li>\r\n            <li><strong>Vitesse :<\/strong> La vitesse maximale de circulation \u00e0 l'int\u00e9rieur de l'enceinte est de 10 km\/h.<\/li>\r\n            <li><strong>D\u00e9chets :<\/strong> Tous les d\u00e9chets doivent \u00eatre d\u00e9pos\u00e9s dans les conteneurs pr\u00e9vus \u00e0 cet effet. La vidange des eaux grises et noires doit se faire exclusivement dans les zones pr\u00e9vues \u00e0 cet effet.<\/li>\r\n            <li><strong>Animaux de compagnie :<\/strong> Les animaux domestiques sont autoris\u00e9s \u00e0 condition qu'ils soient sous le contr\u00f4le de leurs propri\u00e9taires, qu'ils ne causent pas de nuisances et que leurs excr\u00e9ments soient ramass\u00e9s. Il est interdit de les laisser sans surveillance dans les parties communes.<\/li>\r\n        <\/ul>\r\n        \r\n        <h2>4. La responsabilit\u00e9<\/h2>\r\n        <ul>\r\n            <li>Le camping n'est pas responsable des vols, cambriolages ou dommages caus\u00e9s aux v\u00e9hicules ou aux effets personnels des usagers pendant leur s\u00e9jour.<\/li>\r\n            <li>L'utilisateur est responsable des dommages qu'il pourrait causer aux installations, au personnel ou aux autres utilisateurs du camping.<\/li>\r\n            <li>Le camping se r\u00e9serve le droit d'admission et peut expulser tout usager qui enfreint gravement le pr\u00e9sent r\u00e8glement, sans droit \u00e0 remboursement.<\/li>\r\n        <\/ul>\r\n\r\n        <h2>5. L\u00e9gislation applicable<\/h2>\r\n        <p>Les pr\u00e9sentes conditions sont r\u00e9gies par la loi espagnole. En cas de litige, les deux parties se soumettent \u00e0 la juridiction des cours et tribunaux de Valence, renon\u00e7ant express\u00e9ment \u00e0 toute autre juridiction.<\/p>\r\n\r\n    <\/main>\r\n\r\n    <\/body>\r\n<\/html>\t\t\t\t<\/div>\n\t\t\t\t<\/div>\n\t\t\t\t\t<\/div>\n\t\t\t\t<\/div>\n\t\t\t\t<\/div>","protected":false},"excerpt":{"rendered":"<p>T\u00e9rminos y Condiciones &#8211; Xirivella Camper \u2190 Volver a la p\u00e1gina principal T\u00e9rminos y Condiciones del Servicio \u00daltima actualizaci\u00f3n: 11 [&hellip;]<\/p>","protected":false},"author":2,"featured_media":0,"parent":0,"menu_order":0,"comment_status":"closed","ping_status":"closed","template":"","meta":{"om_disable_all_campaigns":false,"_monsterinsights_skip_tracking":false,"_monsterinsights_sitenote_active":false,"_monsterinsights_sitenote_note":"","_monsterinsights_sitenote_category":0,"site-sidebar-layout":"no-sidebar","site-content-layout":"","ast-site-content-layout":"full-width-container","site-content-style":"default","site-sidebar-style":"default","ast-global-header-display":"","ast-banner-title-visibility":"","ast-main-header-display":"","ast-hfb-above-header-display":"","ast-hfb-below-header-display":"","ast-hfb-mobile-header-display":"","site-post-title":"disabled","ast-breadcrumbs-content":"","ast-featured-img":"disabled","footer-sml-layout":"","theme-transparent-header-meta":"","adv-header-id-meta":"","stick-header-meta":"","header-above-stick-meta":"","header-main-stick-meta":"","header-below-stick-meta":"","astra-migrate-meta-layouts":"default","ast-page-background-enabled":"default","ast-page-background-meta":{"desktop":{"background-color":"var(--ast-global-color-4)","background-image":"","background-repeat":"repeat","background-position":"center center","background-size":"auto","background-attachment":"scroll","background-type":"","background-media":"","overlay-type":"","overlay-color":"","overlay-opacity":"","overlay-gradient":""},"tablet":{"background-color":"","background-image":"","background-repeat":"repeat","background-position":"center center","background-size":"auto","background-attachment":"scroll","background-type":"","background-media":"","overlay-type":"","overlay-color":"","overlay-opacity":"","overlay-gradient":""},"mobile":{"background-color":"","background-image":"","background-repeat":"repeat","background-position":"center center","background-size":"auto","background-attachment":"scroll","background-type":"","background-media":"","overlay-type":"","overlay-color":"","overlay-opacity":"","overlay-gradient":""}},"ast-content-background-meta":{"desktop":{"background-color":"var(--ast-global-color-5)","background-image":"","background-repeat":"repeat","background-position":"center center","background-size":"auto","background-attachment":"scroll","background-type":"","background-media":"","overlay-type":"","overlay-color":"","overlay-opacity":"","overlay-gradient":""},"tablet":{"background-color":"var(--ast-global-color-5)","background-image":"","background-repeat":"repeat","background-position":"center center","background-size":"auto","background-attachment":"scroll","background-type":"","background-media":"","overlay-type":"","overlay-color":"","overlay-opacity":"","overlay-gradient":""},"mobile":{"background-color":"var(--ast-global-color-5)","background-image":"","background-repeat":"repeat","background-position":"center center","background-size":"auto","background-attachment":"scroll","background-type":"","background-media":"","overlay-type":"","overlay-color":"","overlay-opacity":"","overlay-gradient":""}},"footnotes":""},"class_list":["post-1849","page","type-page","status-publish","hentry"],"aioseo_notices":[],"_links":{"self":[{"href":"https:\/\/xirivellacamper.com\/fr\/wp-json\/wp\/v2\/pages\/1849","targetHints":{"allow":["GET"]}}],"collection":[{"href":"https:\/\/xirivellacamper.com\/fr\/wp-json\/wp\/v2\/pages"}],"about":[{"href":"https:\/\/xirivellacamper.com\/fr\/wp-json\/wp\/v2\/types\/page"}],"author":[{"embeddable":true,"href":"https:\/\/xirivellacamper.com\/fr\/wp-json\/wp\/v2\/users\/2"}],"replies":[{"embeddable":true,"href":"https:\/\/xirivellacamper.com\/fr\/wp-json\/wp\/v2\/comments?post=1849"}],"version-history":[{"count":4,"href":"https:\/\/xirivellacamper.com\/fr\/wp-json\/wp\/v2\/pages\/1849\/revisions"}],"predecessor-version":[{"id":1859,"href":"https:\/\/xirivellacamper.com\/fr\/wp-json\/wp\/v2\/pages\/1849\/revisions\/1859"}],"wp:attachment":[{"href":"https:\/\/xirivellacamper.com\/fr\/wp-json\/wp\/v2\/media?parent=1849"}],"curies":[{"name":"wp","href":"https:\/\/api.w.org\/{rel}","templated":true}]}}