{"id":1851,"date":"2025-06-11T16:34:21","date_gmt":"2025-06-11T16:34:21","guid":{"rendered":"https:\/\/xirivellacamper.com\/?page_id=1851"},"modified":"2025-06-11T17:04:14","modified_gmt":"2025-06-11T17:04:14","slug":"politica-cookies-1","status":"publish","type":"page","link":"https:\/\/xirivellacamper.com\/fr\/politica-cookies-1\/","title":{"rendered":"Politique en mati\u00e8re de cookies"},"content":{"rendered":"<div data-elementor-type=\"wp-page\" data-elementor-id=\"1851\" class=\"elementor elementor-1851\" data-elementor-post-type=\"page\">\n\t\t\t\t<div class=\"elementor-element elementor-element-f55503b e-flex e-con-boxed e-con e-parent\" data-id=\"f55503b\" data-element_type=\"container\">\n\t\t\t\t\t<div class=\"e-con-inner\">\n\t\t\t\t<div class=\"elementor-element elementor-element-6a8302a elementor-widget elementor-widget-html\" data-id=\"6a8302a\" data-element_type=\"widget\" data-widget_type=\"html.default\">\n\t\t\t\t<div class=\"elementor-widget-container\">\n\t\t\t\t\t<!DOCTYPE html>\r\n<html lang=\"es\">\r\n<head>\r\n    <meta charset=\"UTF-8\">\r\n    <meta name=\"viewport\" content=\"width=device-width, initial-scale=1.0\">\r\n    <title>Pol\u00edtica de Cookies - Xirivella Camper<\/title>\r\n    <script src=\"https:\/\/cdn.tailwindcss.com\"><\/script>\r\n    <link rel=\"stylesheet\" href=\"https:\/\/cdnjs.cloudflare.com\/ajax\/libs\/font-awesome\/6.4.0\/css\/all.min.css\">\r\n    <link href=\"https:\/\/fonts.googleapis.com\/css2?family=Montserrat:wght@400;500;600;700&family=Playfair+Display:wght@700;800&display=swap\" rel=\"stylesheet\">\r\n    <style>\r\n        body { font-family: 'Montserrat', sans-serif; color: #334155; line-height: 1.7; }\r\n        .legal-container { max-width: 800px; margin: 2rem auto; padding: 2rem; background-color: #fff; border-radius: 8px; box-shadow: 0 4px 15px rgba(0,0,0,0.05); }\r\n        h1, h2 { font-family: 'Playfair Display', serif; color: #103571; margin-top: 1.5em; margin-bottom: 0.5em; }\r\n        h1 { font-size: 2.5rem; }\r\n        h2 { font-size: 1.8rem; }\r\n        p, li { margin-bottom: 1em; }\r\n        a { color: #F4662F; text-decoration: none; }\r\n        a:hover { text-decoration: underline; }\r\n        strong { color: #082a5c; }\r\n        code { background-color: #e2e8f0; padding: 2px 6px; border-radius: 4px; }\r\n    <\/style>\r\n<\/head>\r\n<body>\r\n\r\n    <header class=\"bg-gray-100 shadow-md\">\r\n        <nav class=\"container mx-auto px-4 py-4 flex justify-between items-center\">\r\n            <a href=\"https:\/\/xirivellacamper.com\/fr\/home\/\" title=\"Retour au d\u00e9but de la page\">\r\n                <img decoding=\"async\" src=\"https:\/\/palegreen-bee-957910.hostingersite.com\/wp-content\/uploads\/2025\/06\/LOGO2.png\" alt=\"Xirivella Camper Logo\" style=\"height: 40px; width: auto;\">\r\n            <\/a>\r\n            <a href=\"https:\/\/xirivellacamper.com\/fr\/home\/\" class=\"text-lg font-semibold text-gray-700 hover:text-orange-600\">\u2190 Retour \u00e0 la page principale<\/a>\r\n        <\/nav>\r\n    <\/header>\r\n\r\n    <main class=\"legal-container\">\r\n        <h1>Politique en mati\u00e8re de cookies<\/h1>\r\n        <p><strong>Derni\u00e8re mise \u00e0 jour :<\/strong> 11 juin 2025<\/p>\r\n\r\n        <h2>Qu'est-ce qu'un biscuit ?<\/h2>\r\n        <p>Un cookie est un petit fichier texte qui est stock\u00e9 dans votre navigateur lorsque vous visitez presque n'importe quel site web. Son utilit\u00e9 est de permettre au site web de se souvenir de votre visite lorsque vous revenez naviguer sur cette page. Les cookies stockent g\u00e9n\u00e9ralement des informations de nature technique, des pr\u00e9f\u00e9rences personnelles, la personnalisation du contenu, des statistiques d'utilisation, etc.<\/p>\r\n\r\n        <h2>Cookies utilis\u00e9s sur ce site<\/h2>\r\n        <p>Conform\u00e9ment aux directives de l'Agence espagnole de protection des donn\u00e9es, nous d\u00e9taillons l'utilisation des cookies sur ce site Web afin de vous informer le plus pr\u00e9cis\u00e9ment possible.<\/p>\r\n        <p>Ce site Internet utilise les \u00e9l\u00e9ments suivants <strong>propres biscuits<\/strong>:<\/p>\r\n        <ul>\r\n            <li><strong>Cookies techniques ou n\u00e9cessaires :<\/strong> Ces donn\u00e9es sont essentielles au fonctionnement du site web. Ils permettent, par exemple, de contr\u00f4ler le trafic et la communication des donn\u00e9es, d'identifier la session ou d'utiliser des \u00e9l\u00e9ments de s\u00e9curit\u00e9 pendant la navigation. Ils ne n\u00e9cessitent pas votre consentement.<\/li>\r\n        <\/ul>\r\n        <p>Ce site Internet utilise les \u00e9l\u00e9ments suivants <strong>les cookies de tiers<\/strong>:<\/p>\r\n        <ul>\r\n            <li><strong>Google Analytics :<\/strong> Stocke des cookies afin d'\u00e9tablir des statistiques sur le trafic et le volume de visites sur ce site. En utilisant ce site, vous consentez au traitement de vos donn\u00e9es personnelles par Google. Par cons\u00e9quent, l'exercice de tout droit \u00e0 cet \u00e9gard doit se faire en communiquant directement avec Google.<\/li>\r\n            <li><strong>Google Maps :<\/strong> Nous utilisons les cartes interactives de Google pour indiquer notre emplacement. Google peut installer des cookies pour m\u00e9moriser vos pr\u00e9f\u00e9rences d'utilisateur, telles que le niveau de zoom ou la langue.<\/li>\r\n            <li><strong>R\u00e9seaux sociaux :<\/strong> Chaque r\u00e9seau social utilise ses propres cookies pour vous permettre de cliquer sur des boutons tels que <code>Je l'aime bien<\/code> o <code>Partager<\/code>. Notre site web int\u00e8gre des ic\u00f4nes qui renvoient \u00e0 nos profils.<\/li>\r\n        <\/ul>\r\n\r\n        <h2>D\u00e9sactiver ou supprimer les cookies<\/h2>\r\n        <p>Vous pouvez \u00e0 tout moment exercer votre droit de d\u00e9sactiver ou de supprimer les cookies de ce site web. La mani\u00e8re de proc\u00e9der varie en fonction du navigateur que vous utilisez. Vous trouverez ci-dessous des liens vers les guides des navigateurs les plus courants :<\/p>\r\n        <ul>\r\n            <li><a href=\"https:\/\/support.google.com\/chrome\/answer\/95647?hl=en\" target=\"_blank\" rel=\"noopener noreferrer\">Google Chrome<\/a><\/li>\r\n            <li><a href=\"https:\/\/support.mozilla.org\/es\/kb\/habilitar-y-deshabilitar-cookies-sitios-web-rastrear-preferencias\" target=\"_blank\" rel=\"noopener noreferrer\">Mozilla Firefox<\/a><\/li>\r\n            <li><a href=\"https:\/\/support.apple.com\/es-es\/guide\/safari\/sfri11471\/mac\" target=\"_blank\" rel=\"noopener noreferrer\">Apple Safari<\/a><\/li>\r\n            <li><a href=\"https:\/\/support.microsoft.com\/es-es\/windows\/eliminar-y-administrar-cookies-168dab11-0753-043d-7c16-ede5947fc64d\" target=\"_blank\" rel=\"noopener noreferrer\">Microsoft Edge<\/a><\/li>\r\n        <\/ul>\r\n\r\n        <h2>Notes compl\u00e9mentaires<\/h2>\r\n        <ul>\r\n            <li>Ni ce site web ni ses repr\u00e9sentants l\u00e9gaux ne sont responsables du contenu ou de la v\u00e9racit\u00e9 des politiques de confidentialit\u00e9 des tiers mentionn\u00e9s dans cette politique en mati\u00e8re de cookies.<\/li>\r\n            <li>Xirivella Camper d\u00e9cline toute responsabilit\u00e9 en cas de d\u00e9sactivation des cookies qui emp\u00eacherait ou g\u00eanerait le bon fonctionnement du site.<\/li>\r\n        <\/ul>\r\n    <\/main>\r\n    \r\n    <\/body>\r\n<\/html>\t\t\t\t<\/div>\n\t\t\t\t<\/div>\n\t\t\t\t\t<\/div>\n\t\t\t\t<\/div>\n\t\t\t\t<\/div>","protected":false},"excerpt":{"rendered":"<p>Pol\u00edtica de Cookies &#8211; Xirivella Camper \u2190 Volver a la p\u00e1gina principal Pol\u00edtica de Cookies \u00daltima actualizaci\u00f3n: 11 de junio [&hellip;]<\/p>","protected":false},"author":2,"featured_media":0,"parent":0,"menu_order":0,"comment_status":"closed","ping_status":"closed","template":"","meta":{"om_disable_all_campaigns":false,"_monsterinsights_skip_tracking":false,"_monsterinsights_sitenote_active":false,"_monsterinsights_sitenote_note":"","_monsterinsights_sitenote_category":0,"site-sidebar-layout":"no-sidebar","site-content-layout":"","ast-site-content-layout":"full-width-container","site-content-style":"default","site-sidebar-style":"default","ast-global-header-display":"","ast-banner-title-visibility":"","ast-main-header-display":"","ast-hfb-above-header-display":"","ast-hfb-below-header-display":"","ast-hfb-mobile-header-display":"","site-post-title":"disabled","ast-breadcrumbs-content":"","ast-featured-img":"disabled","footer-sml-layout":"","theme-transparent-header-meta":"","adv-header-id-meta":"","stick-header-meta":"","header-above-stick-meta":"","header-main-stick-meta":"","header-below-stick-meta":"","astra-migrate-meta-layouts":"default","ast-page-background-enabled":"default","ast-page-background-meta":{"desktop":{"background-color":"var(--ast-global-color-4)","background-image":"","background-repeat":"repeat","background-position":"center center","background-size":"auto","background-attachment":"scroll","background-type":"","background-media":"","overlay-type":"","overlay-color":"","overlay-opacity":"","overlay-gradient":""},"tablet":{"background-color":"","background-image":"","background-repeat":"repeat","background-position":"center center","background-size":"auto","background-attachment":"scroll","background-type":"","background-media":"","overlay-type":"","overlay-color":"","overlay-opacity":"","overlay-gradient":""},"mobile":{"background-color":"","background-image":"","background-repeat":"repeat","background-position":"center center","background-size":"auto","background-attachment":"scroll","background-type":"","background-media":"","overlay-type":"","overlay-color":"","overlay-opacity":"","overlay-gradient":""}},"ast-content-background-meta":{"desktop":{"background-color":"var(--ast-global-color-5)","background-image":"","background-repeat":"repeat","background-position":"center center","background-size":"auto","background-attachment":"scroll","background-type":"","background-media":"","overlay-type":"","overlay-color":"","overlay-opacity":"","overlay-gradient":""},"tablet":{"background-color":"var(--ast-global-color-5)","background-image":"","background-repeat":"repeat","background-position":"center center","background-size":"auto","background-attachment":"scroll","background-type":"","background-media":"","overlay-type":"","overlay-color":"","overlay-opacity":"","overlay-gradient":""},"mobile":{"background-color":"var(--ast-global-color-5)","background-image":"","background-repeat":"repeat","background-position":"center center","background-size":"auto","background-attachment":"scroll","background-type":"","background-media":"","overlay-type":"","overlay-color":"","overlay-opacity":"","overlay-gradient":""}},"footnotes":""},"class_list":["post-1851","page","type-page","status-publish","hentry"],"aioseo_notices":[],"_links":{"self":[{"href":"https:\/\/xirivellacamper.com\/fr\/wp-json\/wp\/v2\/pages\/1851","targetHints":{"allow":["GET"]}}],"collection":[{"href":"https:\/\/xirivellacamper.com\/fr\/wp-json\/wp\/v2\/pages"}],"about":[{"href":"https:\/\/xirivellacamper.com\/fr\/wp-json\/wp\/v2\/types\/page"}],"author":[{"embeddable":true,"href":"https:\/\/xirivellacamper.com\/fr\/wp-json\/wp\/v2\/users\/2"}],"replies":[{"embeddable":true,"href":"https:\/\/xirivellacamper.com\/fr\/wp-json\/wp\/v2\/comments?post=1851"}],"version-history":[{"count":4,"href":"https:\/\/xirivellacamper.com\/fr\/wp-json\/wp\/v2\/pages\/1851\/revisions"}],"predecessor-version":[{"id":1862,"href":"https:\/\/xirivellacamper.com\/fr\/wp-json\/wp\/v2\/pages\/1851\/revisions\/1862"}],"wp:attachment":[{"href":"https:\/\/xirivellacamper.com\/fr\/wp-json\/wp\/v2\/media?parent=1851"}],"curies":[{"name":"wp","href":"https:\/\/api.w.org\/{rel}","templated":true}]}}