{"id":1867,"date":"2025-06-11T16:58:00","date_gmt":"2025-06-11T16:58:00","guid":{"rendered":"https:\/\/xirivellacamper.com\/descargo-de-responsabilidad\/"},"modified":"2025-06-11T16:58:00","modified_gmt":"2025-06-11T16:58:00","slug":"descargo-de-responsabilidad","status":"publish","type":"page","link":"https:\/\/xirivellacamper.com\/fr\/descargo-de-responsabilidad\/","title":{"rendered":"Clause de non-responsabilit\u00e9"},"content":{"rendered":"<!-- Legal document generated by Complianz | GDPR\/CCPA Cookie Consent https:\/\/wordpress.org\/plugins\/complianz-gdpr -->\n<div id=\"cmplz-document\" class=\"cmplz-document disclaimer cmplz-document-all\"><p>Xirivella Camper s'engage \u00e0 maintenir ce site web \u00e0 jour. Si vous rencontrez un probl\u00e8me ou si vous trouvez des donn\u00e9es obsol\u00e8tes, nous vous serions reconnaissants de nous en informer. Veuillez indiquer l'endroit du site o\u00f9 vous avez trouv\u00e9 l'information erron\u00e9e. Nous l'examinerons dans les plus brefs d\u00e9lais. Veuillez envoyer votre r\u00e9ponse par courrier \u00e9lectronique \u00e0 l'adresse suivante <span class=\"cmplz-obfuscate\">info@<span class=\"cmplz-fmail-domain\">ex.com<\/span>x&#105;r&#105;v&#101;l&#108;aca&#109;&#112;&#101;r&#046;&#099;&#111;m<\/span>.<\/p><p>Nous ne sommes pas responsables des pertes r\u00e9sultant d'inexactitudes ou d'omissions, ni des pertes r\u00e9sultant de probl\u00e8mes caus\u00e9s par ou li\u00e9s \u00e0 la diffusion d'informations via l'internet, tels que les perturbations ou les interruptions. Lors de l'utilisation de formules bas\u00e9es sur le web, nous nous effor\u00e7ons de limiter au maximum le nombre de champs obligatoires. Pour toute perte r\u00e9sultant de l'utilisation de donn\u00e9es, de conseils ou d'id\u00e9es fournis par ou au nom de Xirivella Camper via ce site web, Xirivella Camper n'assume aucune responsabilit\u00e9.<\/p><p>Tous les droits de propri\u00e9t\u00e9 intellectuelle sur le contenu de ce site sont la propri\u00e9t\u00e9 de Xirivella Camper.<\/p><p>La copie, la distribution et toute autre utilisation de ces documents sont interdites sans l'autorisation \u00e9crite de Xirivella Camper, sauf si et dans la mesure o\u00f9 cela est stipul\u00e9 par des r\u00e9glementations obligatoires (comme le droit de citation), sauf indication contraire dans le contenu.<\/p><p>Si vous avez des questions ou des probl\u00e8mes concernant l'accessibilit\u00e9 du site, n'h\u00e9sitez pas \u00e0 nous contacter.<\/p><\/div>","protected":false},"excerpt":{"rendered":"","protected":false},"author":2,"featured_media":0,"parent":0,"menu_order":0,"comment_status":"closed","ping_status":"closed","template":"","meta":{"om_disable_all_campaigns":false,"_monsterinsights_skip_tracking":false,"_monsterinsights_sitenote_active":false,"_monsterinsights_sitenote_note":"","_monsterinsights_sitenote_category":0,"site-sidebar-layout":"default","site-content-layout":"","ast-site-content-layout":"","site-content-style":"default","site-sidebar-style":"default","ast-global-header-display":"","ast-banner-title-visibility":"","ast-main-header-display":"","ast-hfb-above-header-display":"","ast-hfb-below-header-display":"","ast-hfb-mobile-header-display":"","site-post-title":"","ast-breadcrumbs-content":"","ast-featured-img":"","footer-sml-layout":"","theme-transparent-header-meta":"","adv-header-id-meta":"","stick-header-meta":"","header-above-stick-meta":"","header-main-stick-meta":"","header-below-stick-meta":"","astra-migrate-meta-layouts":"default","ast-page-background-enabled":"default","ast-page-background-meta":{"desktop":{"background-color":"var(--ast-global-color-4)","background-image":"","background-repeat":"repeat","background-position":"center center","background-size":"auto","background-attachment":"scroll","background-type":"","background-media":"","overlay-type":"","overlay-color":"","overlay-opacity":"","overlay-gradient":""},"tablet":{"background-color":"","background-image":"","background-repeat":"repeat","background-position":"center center","background-size":"auto","background-attachment":"scroll","background-type":"","background-media":"","overlay-type":"","overlay-color":"","overlay-opacity":"","overlay-gradient":""},"mobile":{"background-color":"","background-image":"","background-repeat":"repeat","background-position":"center center","background-size":"auto","background-attachment":"scroll","background-type":"","background-media":"","overlay-type":"","overlay-color":"","overlay-opacity":"","overlay-gradient":""}},"ast-content-background-meta":{"desktop":{"background-color":"var(--ast-global-color-5)","background-image":"","background-repeat":"repeat","background-position":"center center","background-size":"auto","background-attachment":"scroll","background-type":"","background-media":"","overlay-type":"","overlay-color":"","overlay-opacity":"","overlay-gradient":""},"tablet":{"background-color":"var(--ast-global-color-5)","background-image":"","background-repeat":"repeat","background-position":"center center","background-size":"auto","background-attachment":"scroll","background-type":"","background-media":"","overlay-type":"","overlay-color":"","overlay-opacity":"","overlay-gradient":""},"mobile":{"background-color":"var(--ast-global-color-5)","background-image":"","background-repeat":"repeat","background-position":"center center","background-size":"auto","background-attachment":"scroll","background-type":"","background-media":"","overlay-type":"","overlay-color":"","overlay-opacity":"","overlay-gradient":""}},"footnotes":""},"class_list":["post-1867","page","type-page","status-publish","hentry"],"aioseo_notices":[],"_links":{"self":[{"href":"https:\/\/xirivellacamper.com\/fr\/wp-json\/wp\/v2\/pages\/1867","targetHints":{"allow":["GET"]}}],"collection":[{"href":"https:\/\/xirivellacamper.com\/fr\/wp-json\/wp\/v2\/pages"}],"about":[{"href":"https:\/\/xirivellacamper.com\/fr\/wp-json\/wp\/v2\/types\/page"}],"author":[{"embeddable":true,"href":"https:\/\/xirivellacamper.com\/fr\/wp-json\/wp\/v2\/users\/2"}],"replies":[{"embeddable":true,"href":"https:\/\/xirivellacamper.com\/fr\/wp-json\/wp\/v2\/comments?post=1867"}],"version-history":[{"count":0,"href":"https:\/\/xirivellacamper.com\/fr\/wp-json\/wp\/v2\/pages\/1867\/revisions"}],"wp:attachment":[{"href":"https:\/\/xirivellacamper.com\/fr\/wp-json\/wp\/v2\/media?parent=1867"}],"curies":[{"name":"wp","href":"https:\/\/api.w.org\/{rel}","templated":true}]}}