{"id":3,"date":"2025-05-19T16:19:23","date_gmt":"2025-05-19T16:19:23","guid":{"rendered":"https:\/\/mediumspringgreen-wildcat-998947.hostingersite.com\/?page_id=3"},"modified":"2025-06-20T09:20:03","modified_gmt":"2025-06-20T09:20:03","slug":"politica-privacidad","status":"publish","type":"page","link":"https:\/\/xirivellacamper.com\/fr\/politica-privacidad\/","title":{"rendered":"Politique de confidentialit\u00e9"},"content":{"rendered":"<div data-elementor-type=\"wp-page\" data-elementor-id=\"3\" class=\"elementor elementor-3\" data-elementor-post-type=\"page\">\n\t\t\t\t<div class=\"elementor-element elementor-element-27737fde e-flex e-con-boxed e-con e-parent\" data-id=\"27737fde\" data-element_type=\"container\">\n\t\t\t\t\t<div class=\"e-con-inner\">\n\t\t\t\t<div class=\"elementor-element elementor-element-267c86b9 elementor-widget elementor-widget-text-editor\" data-id=\"267c86b9\" data-element_type=\"widget\" data-widget_type=\"text-editor.default\">\n\t\t\t\t<div class=\"elementor-widget-container\">\n\t\t\t\t\t\t\t\t\t<script src=\"https:\/\/cdn.tailwindcss.com\"><\/script>\n\n<style>\n  body {\n    font-family: 'Montserrat', sans-serif;\n    color: #334155;\n    line-height: 1.7;\n  }\n  .legal-container {\n    max-width: 800px;\n    margin: 2rem auto;\n    padding: 2rem;\n    background-color: #fff;\n    border-radius: 8px;\n    box-shadow: 0 4px 15px rgba(0, 0, 0, 0.05);\n  }\n  h1, h2 {\n    font-family: 'Playfair Display', serif;\n    color: #103571;\n    margin-top: 1.5em;\n    margin-bottom: 0.5em;\n  }\n  h1 {\n    font-size: 2.5rem;\n  }\n  h2 {\n    font-size: 1.8rem;\n  }\n  p, li {\n    margin-bottom: 1em;\n  }\n  a {\n    color: #F4662F;\n    text-decoration: none;\n  }\n  a:hover {\n    text-decoration: underline;\n  }\n  strong {\n    color: #082a5c;\n  }\n<\/style>\n\n<header class=\"bg-gray-100 shadow-md\">\n  <nav class=\"container mx-auto px-4 py-4 flex justify-between items-center\">\n    <a title=\"Retour au d\u00e9but de la page\" href=\"https:\/\/xirivellacamper.com\/fr\/home\/\">\n      <img decoding=\"async\" style=\"height: 40px; width: auto;\" src=\"https:\/\/palegreen-bee-957910.hostingersite.com\/wp-content\/uploads\/2025\/06\/LOGO2.png\" alt=\"Xirivella Camper Logo\" \/>\n    <\/a>\n    <a class=\"text-lg font-semibold text-gray-700 hover:text-orange-600\" href=\"https:\/\/xirivellacamper.com\/fr\/home\/\">\u2190 Retour \u00e0 la page principale<\/a>\n  <\/nav>\n<\/header>\n\n<div class=\"legal-container\">\n\n  <h1>Politique de confidentialit\u00e9<\/h1>\n  <strong>Derni\u00e8re mise \u00e0 jour :<\/strong> 11 juin 2025\n\n  <h2>1. le contr\u00f4leur des donn\u00e9es<\/h2>\n  <p>Le responsable du traitement des donn\u00e9es \u00e0 caract\u00e8re personnel collect\u00e9es par le biais de ce site web est :<\/p>\n  <ul>\n    <li><strong>Titre :<\/strong> Rey G\u00f3mez CB<\/li>\n    <li><strong>Nom commercial :<\/strong> Xirivella Camper<\/li>\n    <li><strong>Adresse :<\/strong> Carrer Riu X\u00faquer, 32, 46950 Xirivella (Valencia), Espagne<\/li>\n    <li><strong>E-mail :<\/strong> <a href=\"mailto:xirivellacamperpark@gmail.com\">xirivellacamperpark@gmail.com<\/a><\/li>\n    <li><strong>T\u00e9l\u00e9phone :<\/strong> +34 647 33 96 35<\/li>\n  <\/ul>\n\n  <h2>2. la finalit\u00e9 du traitement des donn\u00e9es<\/h2>\n  <p>Chez Xirivella Camper, nous traitons les informations fournies par les utilisateurs dans le but de :<\/p>\n  <ul>\n    <li><strong>G\u00e9rer les r\u00e9servations :<\/strong> Traiter votre demande de r\u00e9servation, confirmer la disponibilit\u00e9 et g\u00e9rer le paiement et la facturation des services contract\u00e9s.<\/li>\n    <li><strong>Traiter les questions et les demandes :<\/strong> r\u00e9pondre aux questions ou aux demandes re\u00e7ues par courrier \u00e9lectronique, par formulaire ou par t\u00e9l\u00e9phone.<\/li>\n    <li><strong>Respecter les obligations l\u00e9gales :<\/strong> Conserver les donn\u00e9es pendant les p\u00e9riodes de temps pr\u00e9vues par la loi.<\/li>\n  <\/ul>\n\n  <h2>3. Donn\u00e9es collect\u00e9es<\/h2>\n  <ul>\n    <li><strong>Donn\u00e9es d'identification :<\/strong> Nom, pr\u00e9nom, num\u00e9ro de carte d'identit\u00e9\/passeport.<\/li>\n    <li><strong>Coordonn\u00e9es de la personne \u00e0 contacter :<\/strong> Adresse \u00e9lectronique, num\u00e9ro de t\u00e9l\u00e9phone.<\/li>\n    <li><strong>D\u00e9tails de la r\u00e9servation :<\/strong> Dates du s\u00e9jour, type de v\u00e9hicule (camping-car, caravane), num\u00e9ro d'immatriculation.<\/li>\n    <li><strong>Donn\u00e9es de transaction :<\/strong> Informations relatives au paiement (nous ne conservons pas les donn\u00e9es relatives aux cartes de cr\u00e9dit, qui sont trait\u00e9es par des passerelles de paiement s\u00e9curis\u00e9es).<\/li>\n  <\/ul>\n\n  <h2>4. P\u00e9riode de conservation des donn\u00e9es<\/h2>\n  <p>Nous conserverons les donn\u00e9es pendant la dur\u00e9e de la relation contractuelle et nous les bloquerons pendant les d\u00e9lais de prescription l\u00e9gaux apr\u00e8s la fin de la relation contractuelle.<\/p>\n\n  <h2>5. Destinataires des donn\u00e9es<\/h2>\n  <ul>\n    <li>par obligation l\u00e9gale (par exemple, pour les autorit\u00e9s fiscales ou les autorit\u00e9s charg\u00e9es de l'application de la loi).<\/li>\n    <li>aux fournisseurs qui nous assistent dans la gestion des r\u00e9servations ou des paiements, dans le cadre d'un contrat de confidentialit\u00e9.<\/li>\n  <\/ul>\n\n  <h2>6. Droits de l'utilisateur<\/h2>\n  <p>Vous pouvez exercer vos droits d'acc\u00e8s, de rectification, d'effacement, de restriction, d'opposition et de portabilit\u00e9 \u00e0 tout moment en nous \u00e9crivant \u00e0 l'adresse suivante <strong>xirivellacamperpark@gmail.com<\/strong> et en joignant une copie de votre carte d'identit\u00e9.<\/p>\n  <p>Vous pouvez \u00e9galement d\u00e9poser une plainte aupr\u00e8s de l'Agence espagnole de protection des donn\u00e9es (AEPD).<\/p>\n\n  <h2>7. Mesures de s\u00e9curit\u00e9<\/h2>\n  <p>Nous avons pris les mesures techniques et organisationnelles n\u00e9cessaires pour assurer la s\u00e9curit\u00e9 de vos donn\u00e9es personnelles et emp\u00eacher leur alt\u00e9ration, leur perte, leur traitement ou leur acc\u00e8s non autoris\u00e9.<\/p>\n\n  <hr>\n\n  <h2>8. Informations juridiques concernant le propri\u00e9taire du site web<\/h2>\n  <p>Conform\u00e9ment \u00e0 l'article 10 de la loi 34\/2002, du 11 juillet, nous vous informons que ce site web est la propri\u00e9t\u00e9 de :<\/p>\n  <ul>\n    <li><strong>Nom ou raison sociale :<\/strong> Rey G\u00f3mez CB<\/li>\n    <li><strong>CIF :<\/strong> E-97747737<\/li>\n    <li><strong>Domicile fiscal :<\/strong> Calle Riu Xuquer, 37, 46960 - Aldaia, Valencia (Espagne)<\/li>\n    <li><strong>Courriel de contact :<\/strong> <a href=\"mailto:xirivellacamperpark@gmail.com\">xirivellacamperpark@gmail.com<\/a><\/li>\n    <li><strong>T\u00e9l\u00e9phone :<\/strong> +34 647 33 96 35<\/li>\n  <\/ul>\n  <p>L'objectif de ce site est de fournir des informations et de faciliter la r\u00e9servation de places au Xirivella Camper Park.<\/p>\n\n<\/div>\n\t\t\t\t\t\t\t\t<\/div>\n\t\t\t\t<\/div>\n\t\t\t\t\t<\/div>\n\t\t\t\t<\/div>\n\t\t\t\t<\/div>","protected":false},"excerpt":{"rendered":"<p>\u2190 Volver a la p\u00e1gina principal Pol\u00edtica de Privacidad \u00daltima actualizaci\u00f3n: 11 de junio de 2025 1. Responsable del Tratamiento [&hellip;]<\/p>","protected":false},"author":1,"featured_media":0,"parent":0,"menu_order":0,"comment_status":"closed","ping_status":"closed","template":"","meta":{"om_disable_all_campaigns":false,"_monsterinsights_skip_tracking":false,"_monsterinsights_sitenote_active":false,"_monsterinsights_sitenote_note":"","_monsterinsights_sitenote_category":0,"site-sidebar-layout":"default","site-content-layout":"","ast-site-content-layout":"","site-content-style":"default","site-sidebar-style":"default","ast-global-header-display":"","ast-banner-title-visibility":"","ast-main-header-display":"","ast-hfb-above-header-display":"","ast-hfb-below-header-display":"","ast-hfb-mobile-header-display":"","site-post-title":"","ast-breadcrumbs-content":"","ast-featured-img":"","footer-sml-layout":"","theme-transparent-header-meta":"","adv-header-id-meta":"","stick-header-meta":"","header-above-stick-meta":"","header-main-stick-meta":"","header-below-stick-meta":"","astra-migrate-meta-layouts":"default","ast-page-background-enabled":"default","ast-page-background-meta":{"desktop":{"background-color":"var(--ast-global-color-4)","background-image":"","background-repeat":"repeat","background-position":"center center","background-size":"auto","background-attachment":"scroll","background-type":"","background-media":"","overlay-type":"","overlay-color":"","overlay-opacity":"","overlay-gradient":""},"tablet":{"background-color":"","background-image":"","background-repeat":"repeat","background-position":"center center","background-size":"auto","background-attachment":"scroll","background-type":"","background-media":"","overlay-type":"","overlay-color":"","overlay-opacity":"","overlay-gradient":""},"mobile":{"background-color":"","background-image":"","background-repeat":"repeat","background-position":"center center","background-size":"auto","background-attachment":"scroll","background-type":"","background-media":"","overlay-type":"","overlay-color":"","overlay-opacity":"","overlay-gradient":""}},"ast-content-background-meta":{"desktop":{"background-color":"var(--ast-global-color-5)","background-image":"","background-repeat":"repeat","background-position":"center center","background-size":"auto","background-attachment":"scroll","background-type":"","background-media":"","overlay-type":"","overlay-color":"","overlay-opacity":"","overlay-gradient":""},"tablet":{"background-color":"var(--ast-global-color-5)","background-image":"","background-repeat":"repeat","background-position":"center center","background-size":"auto","background-attachment":"scroll","background-type":"","background-media":"","overlay-type":"","overlay-color":"","overlay-opacity":"","overlay-gradient":""},"mobile":{"background-color":"var(--ast-global-color-5)","background-image":"","background-repeat":"repeat","background-position":"center center","background-size":"auto","background-attachment":"scroll","background-type":"","background-media":"","overlay-type":"","overlay-color":"","overlay-opacity":"","overlay-gradient":""}},"footnotes":""},"class_list":["post-3","page","type-page","status-publish","hentry"],"aioseo_notices":[],"_links":{"self":[{"href":"https:\/\/xirivellacamper.com\/fr\/wp-json\/wp\/v2\/pages\/3","targetHints":{"allow":["GET"]}}],"collection":[{"href":"https:\/\/xirivellacamper.com\/fr\/wp-json\/wp\/v2\/pages"}],"about":[{"href":"https:\/\/xirivellacamper.com\/fr\/wp-json\/wp\/v2\/types\/page"}],"author":[{"embeddable":true,"href":"https:\/\/xirivellacamper.com\/fr\/wp-json\/wp\/v2\/users\/1"}],"replies":[{"embeddable":true,"href":"https:\/\/xirivellacamper.com\/fr\/wp-json\/wp\/v2\/comments?post=3"}],"version-history":[{"count":10,"href":"https:\/\/xirivellacamper.com\/fr\/wp-json\/wp\/v2\/pages\/3\/revisions"}],"predecessor-version":[{"id":1899,"href":"https:\/\/xirivellacamper.com\/fr\/wp-json\/wp\/v2\/pages\/3\/revisions\/1899"}],"wp:attachment":[{"href":"https:\/\/xirivellacamper.com\/fr\/wp-json\/wp\/v2\/media?parent=3"}],"curies":[{"name":"wp","href":"https:\/\/api.w.org\/{rel}","templated":true}]}}