{"id":1851,"date":"2025-06-11T16:34:21","date_gmt":"2025-06-11T16:34:21","guid":{"rendered":"https:\/\/xirivellacamper.com\/?page_id=1851"},"modified":"2025-06-11T17:04:14","modified_gmt":"2025-06-11T17:04:14","slug":"politica-cookies-1","status":"publish","type":"page","link":"https:\/\/xirivellacamper.com\/nl\/politica-cookies-1\/","title":{"rendered":"Cookiebeleid"},"content":{"rendered":"<div data-elementor-type=\"wp-page\" data-elementor-id=\"1851\" class=\"elementor elementor-1851\" data-elementor-post-type=\"page\">\n\t\t\t\t<div class=\"elementor-element elementor-element-f55503b e-flex e-con-boxed e-con e-parent\" data-id=\"f55503b\" data-element_type=\"container\">\n\t\t\t\t\t<div class=\"e-con-inner\">\n\t\t\t\t<div class=\"elementor-element elementor-element-6a8302a elementor-widget elementor-widget-html\" data-id=\"6a8302a\" data-element_type=\"widget\" data-widget_type=\"html.default\">\n\t\t\t\t<div class=\"elementor-widget-container\">\n\t\t\t\t\t<!DOCTYPE html>\r\n<html lang=\"es\">\r\n<head>\r\n    <meta charset=\"UTF-8\">\r\n    <meta name=\"viewport\" content=\"width=device-width, initial-scale=1.0\">\r\n    <title>Pol\u00edtica de Cookies - Xirivella Camper<\/title>\r\n    <script src=\"https:\/\/cdn.tailwindcss.com\"><\/script>\r\n    <link rel=\"stylesheet\" href=\"https:\/\/cdnjs.cloudflare.com\/ajax\/libs\/font-awesome\/6.4.0\/css\/all.min.css\">\r\n    <link href=\"https:\/\/fonts.googleapis.com\/css2?family=Montserrat:wght@400;500;600;700&family=Playfair+Display:wght@700;800&display=swap\" rel=\"stylesheet\">\r\n    <style>\r\n        body { font-family: 'Montserrat', sans-serif; color: #334155; line-height: 1.7; }\r\n        .legal-container { max-width: 800px; margin: 2rem auto; padding: 2rem; background-color: #fff; border-radius: 8px; box-shadow: 0 4px 15px rgba(0,0,0,0.05); }\r\n        h1, h2 { font-family: 'Playfair Display', serif; color: #103571; margin-top: 1.5em; margin-bottom: 0.5em; }\r\n        h1 { font-size: 2.5rem; }\r\n        h2 { font-size: 1.8rem; }\r\n        p, li { margin-bottom: 1em; }\r\n        a { color: #F4662F; text-decoration: none; }\r\n        a:hover { text-decoration: underline; }\r\n        strong { color: #082a5c; }\r\n        code { background-color: #e2e8f0; padding: 2px 6px; border-radius: 4px; }\r\n    <\/style>\r\n<\/head>\r\n<body>\r\n\r\n    <header class=\"bg-gray-100 shadow-md\">\r\n        <nav class=\"container mx-auto px-4 py-4 flex justify-between items-center\">\r\n            <a href=\"https:\/\/xirivellacamper.com\/nl\/home\/\" title=\"Terug naar boven\">\r\n                <img decoding=\"async\" src=\"https:\/\/palegreen-bee-957910.hostingersite.com\/wp-content\/uploads\/2025\/06\/LOGO2.png\" alt=\"Xirivella Camper Logo\" style=\"height: 40px; width: auto;\">\r\n            <\/a>\r\n            <a href=\"https:\/\/xirivellacamper.com\/nl\/home\/\" class=\"text-lg font-semibold text-gray-700 hover:text-orange-600\">\u2190 Terug naar hoofdpagina<\/a>\r\n        <\/nav>\r\n    <\/header>\r\n\r\n    <main class=\"legal-container\">\r\n        <h1>Cookiebeleid<\/h1>\r\n        <p><strong>Laatst bijgewerkt:<\/strong> 11 juni 2025<\/p>\r\n\r\n        <h2>Wat zijn cookies?<\/h2>\r\n        <p>Een cookie is een klein tekstbestand dat in uw browser wordt opgeslagen wanneer u een website bezoekt. Het nut ervan is dat de website uw bezoek kan onthouden wanneer u terugkeert om die pagina te bekijken. Cookies slaan meestal informatie op van technische aard, persoonlijke voorkeuren, personalisatie van inhoud, gebruiksstatistieken, enz.<\/p>\r\n\r\n        <h2>Op deze website gebruikte cookies<\/h2>\r\n        <p>In navolging van de richtlijnen van het Spaanse Agentschap voor Gegevensbescherming gaan we over tot het gedetailleerd beschrijven van het gebruik van cookies dat deze website maakt om u zo nauwkeurig mogelijk te informeren.<\/p>\r\n        <p>Deze website gebruikt het volgende <strong>eigen koekjes<\/strong>:<\/p>\r\n        <ul>\r\n            <li><strong>Technische of noodzakelijke cookies:<\/strong> Deze zijn essentieel voor het functioneren van de website. Ze maken het bijvoorbeeld mogelijk om het verkeer en de gegevenscommunicatie te regelen, de sessie te identificeren of beveiligingselementen te gebruiken tijdens het browsen. Hiervoor is uw toestemming niet nodig.<\/li>\r\n        <\/ul>\r\n        <p>Deze website gebruikt het volgende <strong>cookies van derden<\/strong>:<\/p>\r\n        <ul>\r\n            <li><strong>Google Analytics:<\/strong> Slaat cookies op om statistieken samen te stellen over het verkeer en het aantal bezoeken aan deze website. Door gebruik te maken van deze website geeft u toestemming voor het verwerken van de informatie over u door Google. Daarom moet de uitoefening van eventuele rechten in dit verband doen door rechtstreeks met Google te communiceren.<\/li>\r\n            <li><strong>Google Maps:<\/strong> We gebruiken interactieve kaarten van Google om onze locatie te tonen. Google kan cookies instellen om uw gebruikersvoorkeuren op te slaan, zoals zoomniveau of taal.<\/li>\r\n            <li><strong>Sociaal netwerken:<\/strong> Elk sociaal netwerk gebruikt zijn eigen cookies zodat je op knoppen kunt klikken zoals <code>Ik vind het leuk<\/code> o <code>Deel<\/code>. Onze website bevat pictogrammen die linken naar onze profielen.<\/li>\r\n        <\/ul>\r\n\r\n        <h2>Cookies uitschakelen of verwijderen<\/h2>\r\n        <p>U kunt te allen tijde gebruik maken van uw recht om cookies van deze website uit te schakelen of te verwijderen. Hoe u dit doet, hangt af van de browser die u gebruikt. Hieronder vindt u links naar de gidsen voor de populairste browsers:<\/p>\r\n        <ul>\r\n            <li><a href=\"https:\/\/support.google.com\/chrome\/answer\/95647?hl=en\" target=\"_blank\" rel=\"noopener noreferrer\">Google Chrome<\/a><\/li>\r\n            <li><a href=\"https:\/\/support.mozilla.org\/es\/kb\/habilitar-y-deshabilitar-cookies-sitios-web-rastrear-preferencias\" target=\"_blank\" rel=\"noopener noreferrer\">Mozilla Firefox<\/a><\/li>\r\n            <li><a href=\"https:\/\/support.apple.com\/es-es\/guide\/safari\/sfri11471\/mac\" target=\"_blank\" rel=\"noopener noreferrer\">Apple Safari<\/a><\/li>\r\n            <li><a href=\"https:\/\/support.microsoft.com\/es-es\/windows\/eliminar-y-administrar-cookies-168dab11-0753-043d-7c16-ede5947fc64d\" target=\"_blank\" rel=\"noopener noreferrer\">Microsoft Edge<\/a><\/li>\r\n        <\/ul>\r\n\r\n        <h2>Aanvullende opmerkingen<\/h2>\r\n        <ul>\r\n            <li>Noch deze website, noch haar wettelijke vertegenwoordigers zijn verantwoordelijk voor de inhoud of juistheid van het privacybeleid van de derden die in dit cookiebeleid worden genoemd.<\/li>\r\n            <li>Xirivella Camper aanvaardt geen verantwoordelijkheid voor het deactiveren van cookies die de goede werking van de website verhinderen of belemmeren.<\/li>\r\n        <\/ul>\r\n    <\/main>\r\n    \r\n    <\/body>\r\n<\/html>\t\t\t\t<\/div>\n\t\t\t\t<\/div>\n\t\t\t\t\t<\/div>\n\t\t\t\t<\/div>\n\t\t\t\t<\/div>","protected":false},"excerpt":{"rendered":"<p>Pol\u00edtica de Cookies &#8211; Xirivella Camper \u2190 Volver a la p\u00e1gina principal Pol\u00edtica de Cookies \u00daltima actualizaci\u00f3n: 11 de junio [&hellip;]<\/p>","protected":false},"author":2,"featured_media":0,"parent":0,"menu_order":0,"comment_status":"closed","ping_status":"closed","template":"","meta":{"om_disable_all_campaigns":false,"_monsterinsights_skip_tracking":false,"_monsterinsights_sitenote_active":false,"_monsterinsights_sitenote_note":"","_monsterinsights_sitenote_category":0,"site-sidebar-layout":"no-sidebar","site-content-layout":"","ast-site-content-layout":"full-width-container","site-content-style":"default","site-sidebar-style":"default","ast-global-header-display":"","ast-banner-title-visibility":"","ast-main-header-display":"","ast-hfb-above-header-display":"","ast-hfb-below-header-display":"","ast-hfb-mobile-header-display":"","site-post-title":"disabled","ast-breadcrumbs-content":"","ast-featured-img":"disabled","footer-sml-layout":"","theme-transparent-header-meta":"","adv-header-id-meta":"","stick-header-meta":"","header-above-stick-meta":"","header-main-stick-meta":"","header-below-stick-meta":"","astra-migrate-meta-layouts":"default","ast-page-background-enabled":"default","ast-page-background-meta":{"desktop":{"background-color":"var(--ast-global-color-4)","background-image":"","background-repeat":"repeat","background-position":"center center","background-size":"auto","background-attachment":"scroll","background-type":"","background-media":"","overlay-type":"","overlay-color":"","overlay-opacity":"","overlay-gradient":""},"tablet":{"background-color":"","background-image":"","background-repeat":"repeat","background-position":"center center","background-size":"auto","background-attachment":"scroll","background-type":"","background-media":"","overlay-type":"","overlay-color":"","overlay-opacity":"","overlay-gradient":""},"mobile":{"background-color":"","background-image":"","background-repeat":"repeat","background-position":"center center","background-size":"auto","background-attachment":"scroll","background-type":"","background-media":"","overlay-type":"","overlay-color":"","overlay-opacity":"","overlay-gradient":""}},"ast-content-background-meta":{"desktop":{"background-color":"var(--ast-global-color-5)","background-image":"","background-repeat":"repeat","background-position":"center center","background-size":"auto","background-attachment":"scroll","background-type":"","background-media":"","overlay-type":"","overlay-color":"","overlay-opacity":"","overlay-gradient":""},"tablet":{"background-color":"var(--ast-global-color-5)","background-image":"","background-repeat":"repeat","background-position":"center center","background-size":"auto","background-attachment":"scroll","background-type":"","background-media":"","overlay-type":"","overlay-color":"","overlay-opacity":"","overlay-gradient":""},"mobile":{"background-color":"var(--ast-global-color-5)","background-image":"","background-repeat":"repeat","background-position":"center center","background-size":"auto","background-attachment":"scroll","background-type":"","background-media":"","overlay-type":"","overlay-color":"","overlay-opacity":"","overlay-gradient":""}},"footnotes":""},"class_list":["post-1851","page","type-page","status-publish","hentry"],"aioseo_notices":[],"_links":{"self":[{"href":"https:\/\/xirivellacamper.com\/nl\/wp-json\/wp\/v2\/pages\/1851","targetHints":{"allow":["GET"]}}],"collection":[{"href":"https:\/\/xirivellacamper.com\/nl\/wp-json\/wp\/v2\/pages"}],"about":[{"href":"https:\/\/xirivellacamper.com\/nl\/wp-json\/wp\/v2\/types\/page"}],"author":[{"embeddable":true,"href":"https:\/\/xirivellacamper.com\/nl\/wp-json\/wp\/v2\/users\/2"}],"replies":[{"embeddable":true,"href":"https:\/\/xirivellacamper.com\/nl\/wp-json\/wp\/v2\/comments?post=1851"}],"version-history":[{"count":4,"href":"https:\/\/xirivellacamper.com\/nl\/wp-json\/wp\/v2\/pages\/1851\/revisions"}],"predecessor-version":[{"id":1862,"href":"https:\/\/xirivellacamper.com\/nl\/wp-json\/wp\/v2\/pages\/1851\/revisions\/1862"}],"wp:attachment":[{"href":"https:\/\/xirivellacamper.com\/nl\/wp-json\/wp\/v2\/media?parent=1851"}],"curies":[{"name":"wp","href":"https:\/\/api.w.org\/{rel}","templated":true}]}}